{"id":1242,"date":"2024-09-03T10:33:04","date_gmt":"2024-09-03T08:33:04","guid":{"rendered":"https:\/\/agentcelny.pl\/wp\/?page_id=1242"},"modified":"2026-05-01T09:26:18","modified_gmt":"2026-05-01T07:26:18","slug":"taryfikacja-towarow","status":"publish","type":"page","link":"https:\/\/agentcelny.pl\/wp\/taryfikacja-towarow\/","title":{"rendered":"Taryfikacja towar\u00f3w"},"content":{"rendered":"<div id=\"pl-1242\"  class=\"panel-layout\" ><div id=\"pg-1242-0\"  class=\"panel-grid panel-no-style\" ><div id=\"pgc-1242-0-0\"  class=\"panel-grid-cell\" ><div id=\"panel-1242-0-0-0\" class=\"so-panel widget widget_sow-editor panel-first-child\" data-index=\"0\" ><div\n\t\t\t\n\t\t\tclass=\"so-widget-sow-editor so-widget-sow-editor-base\"\n\t\t\t\n\t\t>\n<div class=\"siteorigin-widget-tinymce textwidget\">\n\t<p><span style=\"color: #008000;\"><em><strong>Dla kogo jest dedykowane<\/strong><\/em><\/span><\/p>\n<p>Dla os\u00f3b zajmuj\u0105cych si\u0119 klasyfikacj\u0105 towar\u00f3w w ksi\u0119gowo\u015bci, agent\u00f3w celnych, importer\u00f3w, eksporter\u00f3w, spedytor\u00f3w, os\u00f3b zajmuj\u0105cych si\u0119 programem SENT, os\u00f3b zamieniaj\u0105cych dotychczasowe kody PKWiU na kody CN oraz TARIC.<\/p>\n<p><span style=\"color: #008000;\"><em><strong>Cel szkolenia<\/strong><\/em><\/span><\/p>\n<p>Przybli\u017cenie\u00a0 wiedzy z zakresu taryfikacji towar\u00f3w na potrzeby stosowania\u00a0 przepis\u00f3w prawa celnego oraz stosowania przepis\u00f3w prawa podatkowego, akcyzowego oraz przepis\u00f3w o statystyce wymaganych przepisami prawa. Zamiana kod\u00f3w PKWiU na kody CN.<\/p>\n<p><span style=\"color: #008000;\"><em><strong>Zakres<\/strong><\/em><\/span><\/p>\n<ol>\n<li>System HS jako podstawa stosowania CN (nomenklatury scalonej)<\/li>\n<li>CN - Nomenklatura scalona<\/li>\n<li>Tabele korelacji wg rocznik\u00f3w w HS oraz wg CN<\/li>\n<\/ol>\n<p><span style=\"color: #008000;\"><em><strong>Tematyka<\/strong><\/em><\/span><\/p>\n<ol>\n<li>Podstawy prawne<\/li>\n<li>Zakres stosowania<\/li>\n<li>Budowa nomenklatury scalonej CN<\/li>\n<li>Og\u00f3lne regu\u0142y interpretacji CN<\/li>\n<li>Uwagi dotycz\u0105ce sekcji<\/li>\n<li>Uwagi dotycz\u0105ce dzia\u0142\u00f3w<\/li>\n<li>Uwagi dotycz\u0105ce podpozycji<\/li>\n<li>Noty wyja\u015bniaj\u0105ce<\/li>\n<li>Rozporz\u0105dzenia klasyfikacyjne<\/li>\n<li>Dodatkowe zalecenia klasyfikacyjne dotycz\u0105ce komplet\u00f3w<\/li>\n<li>Przyk\u0142ady klasyfikacji<\/li>\n<li>\u0106wiczenia z klasyfikacji towar\u00f3w<\/li>\n<li>Cz\u0119ste b\u0142\u0119dy klasyfikacyjne CN, TARIC,\u00a0 w fakturach VAT i INTRASTAT<\/li>\n<li>Niesp\u00f3jno\u015b\u0107 kod\u00f3w PKWiU z kodami CN<\/li>\n<li>Tabele korelacji oraz b\u0142\u0119dy<\/li>\n<li>Pytania i wyja\u015bnienia.<\/li>\n<\/ol>\n<p><span style=\"color: #008000;\"><em><strong>Czas trwania<\/strong><\/em><\/span><\/p>\n<p>Szkolenie internetowe obejmuje jedno spotkanie\u00a0 6 godzinne od 9 - 15 z regulowanymi przerwami na wniosek s\u0142uchaczy oraz dodatkowe spotkanie konsultacyjne 1 godzinne w p\u00f3\u017aniejszym terminie.<\/p>\n<p>Szkolenie stacjonarne obejmuje jedno spotkanie 6 godzinne od 9 - 15 z 2 przerwami\u00a0 kawowymi\u00a0 realizowany\u00a0 w wybranym mie\u015bcie.<\/p>\n<p><span style=\"color: #008000;\"><strong><em>Materia\u0142y oraz wymagania<\/em>\u00a0<\/strong><\/span><\/p>\n<p>Uczestnik szkolenia otrzymuje niezb\u0119dne wydrukowane materia\u0142y do przeprowadzenia szklenia w zakresie \u0107wicze\u0144 z klasyfikacji. Uczestnik obowi\u0105zkowo musi posiada\u0107 komputer przeno\u015bny lub tablet\u00a0 w przypadku realizacji zaj\u0119\u0107 stacjonarnych.<\/p>\n<p><span style=\"color: #008000;\"><strong><em>Za\u015bwiadczenie uko\u0144czenia<\/em>\u00a0<\/strong><\/span><\/p>\n<p>Uczestnik otrzymuje imienne za\u015bwiadczenie o odbytym szkoleniu z zakresu taryfikacji towar\u00f3w wg regu\u0142 CN.<\/p>\n<p><span style=\"color: #008000;\"><em><strong>Miejsce i termin szkolenia<\/strong><\/em><\/span><\/p>\n<p>Szkolenie w wersji internetowej w tym zakresie przeprowadzimy w dniach\u00a0 <strong>26 lub 27 maja 2026 r.<\/strong><\/p>\n<p>Szkolenie w wersji stacjonarnej oraz terminy (<span style=\"color: #ff0000;\"><em>s\u0105 w przygotowaniu<\/em><\/span>)<\/p>\n<p><span style=\"color: #008000;\"><em><strong>Op\u0142aty<\/strong><\/em><\/span><\/p>\n<p>Cena szkolenia<strong>\u00a0internetowego<\/strong> <span style=\"color: #008000;\"><strong>450,00 z\u0142 +23% VAT<\/strong><\/span>\u00a0wnoszona na konto bankowe przed rozpocz\u0119ciem szkolenia po otrzymaniu pe\u0142nej informacji na wskazany adres emailowy.\u00a0<em>Zastrze\u017cenia prawne\u00a0\u00a0<\/em><a href=\"http:\/\/agentcelny.com.pl\/zastrzezenia-prawne\/\" target=\"_blank\" rel=\"noopener noreferrer\"><em>\u00a0\u00a0<\/em><\/a><\/p>\n<p>Cena szkolenia stacjonarnego w wybranym mie\u015bcie (<span style=\"color: #ff0000;\"><em>w przygotowaniu<\/em><\/span>) wnoszona na konto bankowe przed rozpocz\u0119ciem szkolenia po otrzymaniu pe\u0142nej informacji na wskazany adres emailowy. <em>Zastrze\u017cenia prawne<\/em><\/p>\n<p><span style=\"color: #008000;\"><em><strong>Konto bankowe<\/strong><\/em><\/span><\/p>\n<p><img loading=\"lazy\" decoding=\"async\" class=\" wp-image-193 alignleft\" src=\"http:\/\/agentcelny.com.pl\/wp-content\/uploads\/2019\/08\/Numer-konta-4.gif\" alt=\"\" width=\"281\" height=\"16\" \/>*<\/p>\n<p>Pomorskie Centrum Kszta\u0142cenia Doros\u0142ych ul.<\/p>\n<p><em>wp\u0142ata po otrzymaniu informacji o szkoleniu oraz kodu<\/em><\/p>\n<\/div>\n<\/div><\/div><div id=\"panel-1242-0-0-1\" class=\"so-panel widget widget_sow-button\" data-index=\"1\" ><div class=\"panel-widget-style panel-widget-style-for-1242-0-0-1\" ><div\n\t\t\t\n\t\t\tclass=\"so-widget-sow-button so-widget-sow-button-atom-b4795522cf57-1242\"\n\t\t\t\n\t\t><div class=\"ow-button-base ow-button-align-center\"\n>\n\t\t\t<a\n\t\t\t\t\thref=\"https:\/\/agentcelny.pl\/wp\/943-2\/\"\n\t\t\t\t\tclass=\"sowb-button ow-icon-placement-left ow-button-hover\" target=\"_blank\" rel=\"noopener noreferrer\" \t>\n\t\t<span>\n\t\t\t\n\t\t\tZG\u0141OSZENIE NA SZKOLENIE Z TARYFIKACI\t\t<\/span>\n\t\t\t<\/a>\n\t<\/div>\n<\/div><\/div><\/div><div id=\"panel-1242-0-0-2\" class=\"so-panel widget widget_sow-editor panel-last-child\" data-index=\"2\" ><div\n\t\t\t\n\t\t\tclass=\"so-widget-sow-editor so-widget-sow-editor-base\"\n\t\t\t\n\t\t>\n<div class=\"siteorigin-widget-tinymce textwidget\">\n\t<p><em><strong>Do pobrania<\/strong><\/em><\/p>\n<p>Nomenklatura scalona\u00a0 2026 - <a href=\"https:\/\/eur-lex.europa.eu\/legal-content\/EN\/TXT\/?uri=CELEX%3A01987R2658-20260101\" target=\"_blank\" rel=\"noopener noreferrer\"><strong>PRZECHODZ\u0118<\/strong><\/a><\/p>\n<p>System Zharmonizowany 2022\u00a0 - <a href=\"http:\/\/www.wcoomd.org\/en\/topics\/nomenclature\/instrument-and-tools\/hs-nomenclature-2022-edition\/hs-nomenclature-2022-edition.aspx\" target=\"_blank\" rel=\"noopener noreferrer\"><strong>PRZECHODZ\u0118<\/strong><\/a><\/p>\n<\/div>\n<\/div><\/div><\/div><\/div><\/div>","protected":false},"excerpt":{"rendered":"<p>Dla kogo jest dedykowane Dla os\u00f3b zajmuj\u0105cych si\u0119 klasyfikacj\u0105 towar\u00f3w w ksi\u0119gowo\u015bci, agent\u00f3w celnych, importer\u00f3w, eksporter\u00f3w, spedytor\u00f3w, os\u00f3b zajmuj\u0105cych si\u0119 programem SENT, os\u00f3b zamieniaj\u0105cych dotychczasowe kody PKWiU na kody CN oraz TARIC. Cel szkolenia Przybli\u017cenie\u00a0 wiedzy z zakresu taryfikacji towar\u00f3w na potrzeby stosowania\u00a0 przepis\u00f3w prawa celnego oraz stosowania przepis\u00f3w prawa podatkowego, akcyzowego oraz przepis\u00f3w o [&hellip;]<\/p>\n","protected":false},"author":1,"featured_media":0,"parent":0,"menu_order":0,"comment_status":"closed","ping_status":"closed","template":"","meta":{"footnotes":""},"class_list":["post-1242","page","type-page","status-publish","hentry"],"_links":{"self":[{"href":"https:\/\/agentcelny.pl\/wp\/wp-json\/wp\/v2\/pages\/1242","targetHints":{"allow":["GET"]}}],"collection":[{"href":"https:\/\/agentcelny.pl\/wp\/wp-json\/wp\/v2\/pages"}],"about":[{"href":"https:\/\/agentcelny.pl\/wp\/wp-json\/wp\/v2\/types\/page"}],"author":[{"embeddable":true,"href":"https:\/\/agentcelny.pl\/wp\/wp-json\/wp\/v2\/users\/1"}],"replies":[{"embeddable":true,"href":"https:\/\/agentcelny.pl\/wp\/wp-json\/wp\/v2\/comments?post=1242"}],"version-history":[{"count":10,"href":"https:\/\/agentcelny.pl\/wp\/wp-json\/wp\/v2\/pages\/1242\/revisions"}],"predecessor-version":[{"id":1537,"href":"https:\/\/agentcelny.pl\/wp\/wp-json\/wp\/v2\/pages\/1242\/revisions\/1537"}],"wp:attachment":[{"href":"https:\/\/agentcelny.pl\/wp\/wp-json\/wp\/v2\/media?parent=1242"}],"curies":[{"name":"wp","href":"https:\/\/api.w.org\/{rel}","templated":true}]}}