{"id":295,"date":"2016-02-01T21:44:57","date_gmt":"2016-02-01T20:44:57","guid":{"rendered":"http:\/\/agentcelny.pl\/wp\/?page_id=295"},"modified":"2016-02-02T17:35:32","modified_gmt":"2016-02-02T16:35:32","slug":"pytania-i-odpowiedzi","status":"publish","type":"page","link":"https:\/\/agentcelny.pl\/wp\/pytania-i-odpowiedzi\/","title":{"rendered":"Pytania i odpowiedzi"},"content":{"rendered":"<div id=\"pl-295\"  class=\"panel-layout\" ><div id=\"pg-295-0\"  class=\"panel-grid panel-no-style\" ><div id=\"pgc-295-0-0\"  class=\"panel-grid-cell\" ><div id=\"panel-295-0-0-0\" class=\"so-panel widget widget_sow-editor panel-first-child panel-last-child\" data-index=\"0\" ><div\n\t\t\t\n\t\t\tclass=\"so-widget-sow-editor so-widget-sow-editor-base\"\n\t\t\t\n\t\t>\n<div class=\"siteorigin-widget-tinymce textwidget\">\n\t<p>Pytania<\/p>\n<p><span style=\"color: #008000;\"><em><strong>pyt. Czy s\u0105 potrzebni Agenci Celni na rynku pracy?<\/strong><\/em><\/span><\/p>\n<p>Tak jest ci\u0105g\u0142e zapotrzebowanie na specjalist\u00f3w z uprawnieniami.<\/p>\n<p><span style=\"color: #008000;\"><em><strong>pyt. Jaka jest cena kursu na agenta celnego?<\/strong><\/em><\/span><\/p>\n<p>Kurs podstawowy 90 godzinny\u00a0kosztuje ****** z\u0142 wraz z materia\u0142ami niezb\u0119dnymi do nauki.\u00a0\u00a0Kurs rozszerzony135 godzinny kosztyje ****** z wraz zmateria\u0142ami niezb\u0119dnymi do nauki.<\/p>\n<p><span style=\"color: #008000;\"><em><strong>pyt. Chc\u0119 zap\u0142aci\u0107 za kurs w ratach. Czy to mo\u017cliwe i na jakich warunkach?<\/strong><\/em><\/span><\/p>\n<p>Op\u0142at\u0119 za kurs nale\u017cy wnie\u015b\u0107 w ca\u0142o\u015bci \u00a0na podane konto bankowe przed rozpocz\u0119ciem kursu.<\/p>\n<p><span style=\"color: #008000;\"><em><strong>pyt. Czy mog\u0119 zrezygnowa\u0107 w trakcie kursu z zaj\u0119\u0107 i otrzyma\u0107 zwrot wp\u0142aconych\u00a0pieni\u0119dzy?<\/strong><\/em><\/span><\/p>\n<p>Tak mo\u017cna zrezygnowa\u0107 z kursu w czasie trwania zaj\u0119\u0107, ale traci si\u0119 \u00a0mo\u017cliwo\u015b\u0107 zwrotu wp\u0142aconych pieni\u0119dzy na konto.<\/p>\n<p><span style=\"color: #008000;\"><em><strong>pyt. Kiedy otrzymam faktur\u0119 za nauk\u0119 przed czy po kursie?<\/strong><\/em><\/span><\/p>\n<p>Faktur\u0119 wystawiamy niezw\u0142ocznie po dokonaniu wp\u0142aty pieni\u0119dzy\u00a0na konto bankowe.<\/p>\n<p><span style=\"color: #008000;\"><strong><em>pyt. Czy mo\u017cemy otrzymac faktur\u0119 na podstawie, kt\u00f3rej wp\u0142acimy pieni\u0105dze na konto?<\/em><\/strong><\/span><\/p>\n<p>Faktur\u0119 wystawiamy niezw\u0142ocznie po dokonaniu wp\u0142aty pieni\u0119dzy na konto bankowe.<\/p>\n<p><span style=\"color: #008000;\"><strong><em>pyt. Interesuje mnie zagadnienie importu samochodu z USA?<\/em><\/strong><\/span><\/p>\n<p>Doradztwo w sprawach celnych prowadz\u0105 odp\u0142atnie kancelarie prawnicze wsp\u00f3\u0142pracuj\u0105ce z nami.<\/p>\n<p><span style=\"color: #008000;\"><strong><em>pyt. Jak wype\u0142ni\u0107 SAD elektronicznie?<\/em><\/strong><\/span><\/p>\n<p>Wszystkie potrzebne informacje znajdziesz na stronach Ministerstwa Finans\u00f3w.<\/p>\n<p><span style=\"color: #008000;\"><strong><em>pyt. Ile \u0107wicze\u0144 z dokument\u00f3w SAD jest realizowane na kursie?<\/em><\/strong><\/span><\/p>\n<p>Realizujemy 20 godzin lub 30 godzin \u0107wicze\u0144 z dokumentami SAD lub warsztaty dotycz\u0105ce wype\u0142niania dokument\u00f3w celnych. Pena informacja w serwisie.<\/p>\n<p><span style=\"color: #008000;\"><strong><em>pyt. Czy mo\u017cna otrzyma\u0107 tylko same materia\u0142y i nie uczestniczy\u0107 w kursie?<\/em><\/strong><\/span><\/p>\n<p>Materia\u0142y otrzymuje uczestnik kursu po dokonaniu op\u0142aty za kurs.<\/p>\n<p><span style=\"color: #008000;\"><strong><em>pyt. Co wchodzi w sk\u0142ad materia\u0142\u00f3w?<\/em><\/strong><\/span><\/p>\n<p>Pliki elektroniczne z aktualnym stanem prawnym, \u00a0wydrukowane materia\u0142y do \u0107wicze\u0144 oraz instrukcje niezb\u0119dne do prowadzenia zaj\u0119\u0107.<\/p>\n<p><span style=\"color: #008000;\"><strong><em>pyt. Jakie dokumentu uzyskuj\u0119 po odbyciu kursu?<\/em><\/strong><\/span><\/p>\n<p>Po zako\u0144czeniu kursu s\u0142uchacz otrzymuje za\u015bwiadczenie uko\u0144czenia kursu zgodne z obowi\u0105zuj\u0105cymi przepisami dot\u0105cz\u0105cymi kszta\u0142cenia doros\u0142ych.<\/p>\n<p><span style=\"color: #008000;\"><strong><em>pyt. Czy takie za\u015bwiadczenie wystarczy do pracy?<\/em><\/strong><\/span><\/p>\n<p>Pracodawca ustala wymogi dotycz\u0105ce zatrudnienia, ale za\u015bwiadczenie mo\u017ce pom\u00f3c.<\/p>\n<p><span style=\"color: #008000;\"><strong><em>pyt. \u00a0Gdzie i kto przeprowadza egzamin na agenta celnego?<\/em><\/strong><\/span><\/p>\n<p>Od \u00a0d\u0142u\u017cszego czasu egzamin na uprawnienia dla agent\u00f3w celnych zosta\u0142 zniesiony.\u00a0<\/p>\n<p><span style=\"color: #008000;\"><em><strong>pyt. Czy po kursie mam uprawnienia?<\/strong><\/em><\/span><\/p>\n<p>Uprawnienia nadawane s\u0105 przez Izb\u0119 Celn\u0105 w Warszawie wg okre\u015blonych kryteri\u00f3w. \u00a0<\/p>\n<p><span style=\"color: #008000;\"><strong><em>pyt. Kto mo\u017ce zosta\u0107 wpisany na list\u0119 agent\u00f3w celnych?<\/em><\/strong><\/span><\/p>\n<p>Na list\u0119 agent\u00f3w celnych wpisuje si\u0119, zgodnie z\u00a0art. 80 ust. 1 ustawy z dnia 19 marca 2004 r. - Prawo celne (Dz. U. z 2013 r. poz. 727 i 1149 oraz z 2014 r. poz. 768), osob\u0119 fizyczn\u0105, je\u017celi spe\u0142nia nast\u0119puj\u0105ce warunki:<\/p>\n<p>1) \u00a0ma pe\u0142n\u0105 zdolno\u015b\u0107 do czynno\u015bci prawnych;<\/p>\n<p>2) \u00a0posiada kwalifikacje lub do\u015bwiadczenie w zakresie obs\u0142ugi celnej podmiot\u00f3w gospodarczych;<\/p>\n<p>3) \u00a0nie zosta\u0142a skazana prawomocnym wyrokiem za przest\u0119pstwo przeciwko wiarygodno\u015bci dokument\u00f3w, mieniu, obrotowi gospodarczemu, obrotowi pieni\u0119dzmi i papierami warto\u015bciowymi lub przest\u0119pstwo skarbowe;<\/p>\n<p>4) \u00a0wyst\u0105pi\u0142a z wnioskiem o wpis na list\u0119 agent\u00f3w celnych.<\/p>\n<p><span style=\"color: #008000;\"><em><strong>pyt. Jakie dokumenty nale\u017cy do\u0142\u0105czy\u0107 do wniosku o wpis na list\u0119 agent\u00f3w celnych?<\/strong><\/em><\/span><\/p>\n<p>1) \u00a0 orygina\u0142 lub kopi\u0119 potwierdzon\u0105 za zgodno\u015b\u0107 z orygina\u0142em i podpisan\u0105 przez osob\u0119 ubiegaj\u0105c\u0105 si\u0119 o wpis na list\u0119 agent\u00f3w celnych jednego z poni\u017cszych dokument\u00f3w:<\/p>\n<p>Odpis dyplomu uko\u0144czenia studi\u00f3w wy\u017cszych, na kierunku w dziedzinie nauk ekonomicznych, prawnych lub technicznych, obejmuj\u0105cym wiedz\u0119 i umiej\u0119tno\u015bci z zakresu prawa administracyjnego i finansowego, w szczeg\u00f3lno\u015bci prawa celnego oraz suplement do dyplomu lub wypis z przebiegu studi\u00f3w potwierdzony przez kierownika podstawowej jednostki organizacyjnej uczelni - o ile zosta\u0142y wydane,<\/p>\n<p>albo\u00a0\u00a0\u015bwiadectwo uko\u0144czenia studi\u00f3w podyplomowych w tym zakresie,<\/p>\n<p>lub\u00a0dokument potwierdzaj\u0105cy co najmniej trzyletnie do\u015bwiadczenie w sprawach\u00a0 celnych;<\/p>\n<p>2) \u00a0 \u00a0informacj\u0119 o osobie z Krajowego Rejestru Karnego w zakresie braku skazania za przest\u0119pstwo przeciwko wiarygodno\u015bci dokument\u00f3w, mieniu, obrotowi gospodarczemu, obrotowi pieni\u0119dzmi i papierami warto\u015bciowymi lub przest\u0119pstwo skarbowe \u2013 w oryginale sporz\u0105dzonym nie wcze\u015bniej ni\u017c 3 miesi\u0105ce przed dniem z\u0142o\u017cenia wniosku.<\/p>\n<p><em><span style=\"color: #008000;\"><strong>pyt. Czym jest do\u015bwiadczenie w sprawach celnych ?<\/strong> <\/span><\/em><br \/>Przez do\u015bwiadczenie w sprawach celnych nale\u017cy rozumie\u0107 okres zawodowego wykonywania przed organem celnym czynno\u015bci okre\u015blonych przepisami prawa celnego lub okres kszta\u0142cenia specjalistycznego w szko\u0142ach policealnych, przygotowuj\u0105cego do wykonywania takich czynno\u015bci, w przypadku uko\u0144czenia go nie wcze\u015bniej ni\u017c 5 lat przed z\u0142o\u017ceniem wniosku o wpis.<\/p>\n<\/div>\n<\/div><\/div><\/div><\/div><\/div>","protected":false},"excerpt":{"rendered":"<p>Pytaniapyt. Czy s\u0105 potrzebni Agenci Celni na rynku pracy?Tak jest ci\u0105g\u0142e zapotrzebowanie na specjalist\u00f3w z uprawnieniami.pyt. Jaka jest cena kursu na agenta celnego?Kurs podstawowy 90 godzinny\u00a0kosztuje ****** z\u0142 wraz z materia\u0142ami niezb\u0119dnymi do nauki.\u00a0\u00a0Kurs rozszerzony135 godzinny kosztyje ****** z wraz zmateria\u0142ami niezb\u0119dnymi do nauki.pyt. Chc\u0119 zap\u0142aci\u0107 za kurs w ratach. Czy to mo\u017cliwe i na [&hellip;]<\/p>\n","protected":false},"author":1,"featured_media":0,"parent":0,"menu_order":0,"comment_status":"closed","ping_status":"closed","template":"","meta":{"footnotes":""},"class_list":["post-295","page","type-page","status-publish","hentry"],"_links":{"self":[{"href":"https:\/\/agentcelny.pl\/wp\/wp-json\/wp\/v2\/pages\/295","targetHints":{"allow":["GET"]}}],"collection":[{"href":"https:\/\/agentcelny.pl\/wp\/wp-json\/wp\/v2\/pages"}],"about":[{"href":"https:\/\/agentcelny.pl\/wp\/wp-json\/wp\/v2\/types\/page"}],"author":[{"embeddable":true,"href":"https:\/\/agentcelny.pl\/wp\/wp-json\/wp\/v2\/users\/1"}],"replies":[{"embeddable":true,"href":"https:\/\/agentcelny.pl\/wp\/wp-json\/wp\/v2\/comments?post=295"}],"version-history":[{"count":4,"href":"https:\/\/agentcelny.pl\/wp\/wp-json\/wp\/v2\/pages\/295\/revisions"}],"predecessor-version":[{"id":390,"href":"https:\/\/agentcelny.pl\/wp\/wp-json\/wp\/v2\/pages\/295\/revisions\/390"}],"wp:attachment":[{"href":"https:\/\/agentcelny.pl\/wp\/wp-json\/wp\/v2\/media?parent=295"}],"curies":[{"name":"wp","href":"https:\/\/api.w.org\/{rel}","templated":true}]}}